{"id":5488,"date":"2025-11-03T16:10:59","date_gmt":"2025-11-03T13:10:59","guid":{"rendered":"https:\/\/genaydinlatma.com.tr\/?post_type=product&#038;p=5488"},"modified":"2025-11-04T09:50:12","modified_gmt":"2025-11-04T06:50:12","slug":"kuzey-gold-modern-sarkit-led-ultra-3-renk-avize","status":"publish","type":"product","link":"https:\/\/genaydinlatma.com.tr\/?product=kuzey-gold-modern-sarkit-led-ultra-3-renk-avize","title":{"rendered":"Kuzey Gold Modern Sark\u0131t Led Ultra 3 Renk Avize"},"content":{"rendered":"<ul>\n<li>\u00a0Modern tasar\u0131m\u0131yla dikkat \u00e7eken Kuzey Gold Sark\u0131t LED avize, salon ve oturma odan\u0131zda \u015f\u0131k bir atmosfer yarat\u0131r.<\/li>\n<li>&#8211; Bir adet top led ve \u015ferit led ile donat\u0131lm\u0131\u015f bu avize, hem enerji tasarrufu sa\u011flar hem de uzun \u00f6m\u00fcrl\u00fc ayd\u0131nlatma deneyimi sunar.<\/li>\n<li>&#8211; Al\u00fcminyum materyali sayesinde dayan\u0131kl\u0131l\u0131\u011f\u0131 art\u0131r\u0131rken, beyaz sar\u0131 ve k\u0131r\u0131k beyaz renk se\u00e7ene\u011fiyle mekan\u0131n\u0131za s\u0131cak ve davetkar bir hava katar.<\/li>\n<li>&#8211; 5 ila 70 cm aras\u0131nda de\u011fi\u015fen y\u00fcksekli\u011fi ile farkl\u0131 tavan y\u00fcksekliklerine kolayca uyum sa\u011flar ve ideal ayd\u0131nlatmay\u0131 garanti eder.<\/li>\n<\/ul>\n","protected":false},"excerpt":{"rendered":"<p>\u00a0Modern tasar\u0131m\u0131yla dikkat \u00e7eken Kuzey Gold Sark\u0131t LED avize, salon ve oturma odan\u0131zda \u015f\u0131k bir atmosfer yarat\u0131r. &#8211; Bir adet top led ve \u015ferit led ile donat\u0131lm\u0131\u015f bu avize, hem enerji tasarrufu sa\u011flar hem de uzun \u00f6m\u00fcrl\u00fc ayd\u0131nlatma deneyimi sunar. &#8211; Al\u00fcminyum materyali sayesinde dayan\u0131kl\u0131l\u0131\u011f\u0131 art\u0131r\u0131rken, beyaz sar\u0131 ve k\u0131r\u0131k beyaz renk se\u00e7ene\u011fiyle mekan\u0131n\u0131za s\u0131cak [&hellip;]<\/p>\n","protected":false},"featured_media":5489,"comment_status":"open","ping_status":"closed","template":"","meta":{"site-sidebar-layout":"default","site-content-layout":"","ast-site-content-layout":"default","site-content-style":"default","site-sidebar-style":"default","ast-global-header-display":"","ast-banner-title-visibility":"","ast-main-header-display":"","ast-hfb-above-header-display":"","ast-hfb-below-header-display":"","ast-hfb-mobile-header-display":"","site-post-title":"","ast-breadcrumbs-content":"","ast-featured-img":"","footer-sml-layout":"","theme-transparent-header-meta":"default","adv-header-id-meta":"","stick-header-meta":"","header-above-stick-meta":"","header-main-stick-meta":"","header-below-stick-meta":"","astra-migrate-meta-layouts":"set","ast-page-background-enabled":"default","ast-page-background-meta":{"desktop":{"background-color":"","background-image":"","background-repeat":"repeat","background-position":"center center","background-size":"auto","background-attachment":"scroll","background-type":"","background-media":"","overlay-type":"","overlay-color":"","overlay-opacity":"","overlay-gradient":""},"tablet":{"background-color":"","background-image":"","background-repeat":"repeat","background-position":"center center","background-size":"auto","background-attachment":"scroll","background-type":"","background-media":"","overlay-type":"","overlay-color":"","overlay-opacity":"","overlay-gradient":""},"mobile":{"background-color":"","background-image":"","background-repeat":"repeat","background-position":"center center","background-size":"auto","background-attachment":"scroll","background-type":"","background-media":"","overlay-type":"","overlay-color":"","overlay-opacity":"","overlay-gradient":""}},"ast-content-background-meta":{"desktop":{"background-color":"var(--ast-global-color-5)","background-image":"","background-repeat":"repeat","background-position":"center center","background-size":"auto","background-attachment":"scroll","background-type":"","background-media":"","overlay-type":"","overlay-color":"","overlay-opacity":"","overlay-gradient":""},"tablet":{"background-color":"var(--ast-global-color-5)","background-image":"","background-repeat":"repeat","background-position":"center center","background-size":"auto","background-attachment":"scroll","background-type":"","background-media":"","overlay-type":"","overlay-color":"","overlay-opacity":"","overlay-gradient":""},"mobile":{"background-color":"var(--ast-global-color-5)","background-image":"","background-repeat":"repeat","background-position":"center center","background-size":"auto","background-attachment":"scroll","background-type":"","background-media":"","overlay-type":"","overlay-color":"","overlay-opacity":"","overlay-gradient":""}}},"product_brand":[],"product_cat":[24],"product_tag":[],"class_list":{"0":"post-5488","1":"product","2":"type-product","3":"status-publish","4":"has-post-thumbnail","6":"product_cat-groceries","7":"desktop-align-center","8":"tablet-align-center","9":"mobile-align-center","11":"first","12":"instock","13":"shipping-taxable","14":"purchasable","15":"product-type-simple"},"_links":{"self":[{"href":"https:\/\/genaydinlatma.com.tr\/index.php?rest_route=\/wp\/v2\/product\/5488","targetHints":{"allow":["GET"]}}],"collection":[{"href":"https:\/\/genaydinlatma.com.tr\/index.php?rest_route=\/wp\/v2\/product"}],"about":[{"href":"https:\/\/genaydinlatma.com.tr\/index.php?rest_route=\/wp\/v2\/types\/product"}],"replies":[{"embeddable":true,"href":"https:\/\/genaydinlatma.com.tr\/index.php?rest_route=%2Fwp%2Fv2%2Fcomments&post=5488"}],"wp:featuredmedia":[{"embeddable":true,"href":"https:\/\/genaydinlatma.com.tr\/index.php?rest_route=\/wp\/v2\/media\/5489"}],"wp:attachment":[{"href":"https:\/\/genaydinlatma.com.tr\/index.php?rest_route=%2Fwp%2Fv2%2Fmedia&parent=5488"}],"wp:term":[{"taxonomy":"product_brand","embeddable":true,"href":"https:\/\/genaydinlatma.com.tr\/index.php?rest_route=%2Fwp%2Fv2%2Fproduct_brand&post=5488"},{"taxonomy":"product_cat","embeddable":true,"href":"https:\/\/genaydinlatma.com.tr\/index.php?rest_route=%2Fwp%2Fv2%2Fproduct_cat&post=5488"},{"taxonomy":"product_tag","embeddable":true,"href":"https:\/\/genaydinlatma.com.tr\/index.php?rest_route=%2Fwp%2Fv2%2Fproduct_tag&post=5488"}],"curies":[{"name":"wp","href":"https:\/\/api.w.org\/{rel}","templated":true}]}}